{"id":435,"date":"2026-01-06T17:02:11","date_gmt":"2026-01-06T15:02:11","guid":{"rendered":"https:\/\/eijatuumi.fi\/akupunktio\/?page_id=435"},"modified":"2026-01-20T11:51:18","modified_gmt":"2026-01-20T09:51:18","slug":"elementor-sivu-435","status":"publish","type":"page","link":"https:\/\/eijatuumi.fi\/akupunktio\/?page_id=435","title":{"rendered":"Hoitomuodot"},"content":{"rendered":"\t\t<div data-elementor-type=\"wp-page\" data-elementor-id=\"435\" class=\"elementor elementor-435\">\n\t\t\t\t<div class=\"elementor-element elementor-element-b4605da e-flex e-con-boxed e-con e-parent\" data-id=\"b4605da\" data-element_type=\"container\" data-settings=\"{&quot;background_background&quot;:&quot;classic&quot;}\">\n\t\t\t\t\t<div class=\"e-con-inner\">\n\t\t<div class=\"elementor-element elementor-element-caf1a38 e-con-full e-flex e-con e-child\" data-id=\"caf1a38\" data-element_type=\"container\">\n\t\t\t\t<div class=\"elementor-element elementor-element-c8918f6 elementor-widget__width-initial elementor-widget elementor-widget-html\" data-id=\"c8918f6\" data-element_type=\"widget\" data-widget_type=\"html.default\">\n\t\t\t\t\t\r\n<span\r\n  style=\"\r\n    display:inline-flex;\r\n    align-items:center;\r\n    justify-content:center;\r\n    width:44px;\r\n    height:44px;\r\n    border-radius:999px;\r\n    background:rgba(17,24,39,0.06);\r\n    border:1px solid rgba(17,24,39,0.12);\r\n    box-shadow:0 6px 16px rgba(0,0,0,0.08);\r\n    cursor:pointer;\r\n    transition:all 140ms ease;\r\n  \"\r\n  onmouseover=\"this.style.background='rgba(17,24,39,0.10)'; this.style.boxShadow='0 10px 22px rgba(0,0,0,0.12)'; this.style.transform='translateY(-1px)'\"\r\n  onmouseout=\"this.style.background='rgba(17,24,39,0.06)'; this.style.boxShadow='0 6px 16px rgba(0,0,0,0.08)'; this.style.transform='none'\"\r\n>\r\n  <svg\r\n    xmlns=\"http:\/\/www.w3.org\/2000\/svg\"\r\n    viewBox=\"0 0 1792 1896.0833\"\r\n    style=\"width:19px;height:19px;display:block;\"\r\n  >\r\n      \r\n      \r\n      \r\n    <path\r\n      d=\"M1474 913l39 51q8 11 6.5 23.5T1508 1008q-43 34-126.5 98.5t-146.5 113-67 51.5q-39 32-60 48t-60.5 41-76.5 36.5-74 11.5h-2q-37 0-74-11.5t-76-36.5-61-41.5-60-47.5q-5-4-65-50.5t-143.5-111T293 1015q-11-8-12.5-20.5T287 971l37-52q8-11 21.5-13t24.5 7q94 73 306 236 5 4 43.5 35t60.5 46.5 56.5 32.5 58.5 17h2q24 0 58.5-17t56.5-32.5 60.5-46.5 43.5-35q258-198 313-242 11-8 24-6.5t21 12.5zm190 719V704q-90-83-159-139-91-74-389-304-3-2-43-35t-61-48-56-32.5-59-17.5h-2q-24 0-59 17.5T780 178t-61 48-43 35Q461 427 360.5 506.5T231 610.5 149 685q-14 12-21 19v928q0 13 9.5 22.5t22.5 9.5h1472q13 0 22.5-9.5t9.5-22.5zm128-928v928q0 66-47 113t-113 47H160q-66 0-113-47T0 1632V704q0-56 41-94 123-114 350-290.5T624 138q36-30 59-47.5t61.5-42 76-36.5T895 0h2q37 0 74.5 12t76 36.5 61.5 42 59 47.5q43 36 156 122t226 177 201 173q41 38 41 94z\"\r\n      fill=\"#ffffff\"\r\n    \/>\r\n  <\/svg>\r\n<\/span>\r\n<a href=\"tel:+358405467653\" style=\"color:#fff; text-decoration:none; font-size:13px;\">040 546 7653<\/a>\r\n    <span\r\n  style=\"\r\n    display:inline-flex;\r\n    align-items:center;\r\n    justify-content:center;\r\n    width:44px;\r\n    height:44px;\r\n    border-radius:999px;\r\n    background:rgba(17,24,39,0.06);\r\n    border:1px solid rgba(17,24,39,0.12);\r\n    box-shadow:0 6px 16px rgba(0,0,0,0.08);\r\n    cursor:pointer;\r\n    transition:all 140ms ease;\r\n  \"\r\n  onmouseover=\"this.style.background='rgba(17,24,39,0.10)'; this.style.boxShadow='0 10px 22px rgba(0,0,0,0.12)'; this.style.transform='translateY(-1px)'\"\r\n  onmouseout=\"this.style.background='rgba(17,24,39,0.06)'; this.style.boxShadow='0 6px 16px rgba(0,0,0,0.08)'; this.style.transform='none'\"\r\n>\r\n  <svg\r\n    xmlns=\"http:\/\/www.w3.org\/2000\/svg\"\r\n    viewBox=\"0 0 1024 1792\"\r\n    style=\"width:22px;height:22px;display:block;\"\r\n  >\r\n    <path\r\n      d=\"M768 640q0-106-75-181t-181-75-181 75-75 181 75 181 181 75 181-75 75-181zm256 0q0 109-33 179l-364 774q-16 33-47.5 52t-67.5 19-67.5-19-46.5-52L33 819Q0 749 0 640q0-212 150-362t362-150 362 150 150 362z\"\r\n      fill=\"#ffffff\"\r\n    \/>\r\n  <\/svg>\r\n<\/span>\r\n\r\n\r\n<span style=\"color: #ffffff;font-size:13px;\">Jurvalankatu 2, Tampere<\/span>\r\n\r\n\r\n<a href=\"https:\/\/maps.app.goo.gl\/fX5CdbKnuxuF4cbV8 style=\"color:#fff; text-decoration:none; font-size:13px;\"><\/a>\r\n\r\n<\/span>\r\n\r\n    <span\r\n  style=\"\r\n    display:inline-flex;\r\n    align-items:center;\r\n    justify-content:center;\r\n    width:44px;\r\n    height:44px;\r\n    border-radius:999px;\r\n    background:rgba(17,24,39,0.06);\r\n    border:1px solid rgba(17,24,39,0.12);\r\n    box-shadow:0 6px 16px rgba(0,0,0,0.08);\r\n    cursor:pointer;\r\n    transition:all 140ms ease;\r\n  \"\r\n  onmouseover=\"this.style.background='rgba(17,24,39,0.10)'; this.style.boxShadow='0 10px 22px rgba(0,0,0,0.12)'; this.style.transform='translateY(-1px)'\"\r\n  onmouseout=\"this.style.background='rgba(17,24,39,0.06)'; this.style.boxShadow='0 6px 16px rgba(0,0,0,0.08)'; this.style.transform='none'\"\r\n>\r\n  <svg\r\n    xmlns=\"http:\/\/www.w3.org\/2000\/svg\"\r\n    viewBox=\"0 0 1024 1792\"\r\n    style=\"width:19px;height:19px;display:block;\"\r\n  >\r\n      \r\n      \r\n      \r\n    <path\r\n      d=\"M1280 1193q0-11-2-16t-18-16.5-40.5-25-47.5-26.5-45.5-25-28.5-15q-5-3-19-13t-25-15-21-5q-15 0-36.5 20.5t-39.5 45-38.5 45T885 1167q-7 0-16.5-3.5T853 1157t-17-9.5-14-8.5q-99-55-170-126.5T525 842q-2-3-8.5-14t-9.5-17-6.5-15.5T497 779q0-13 20.5-33.5t45-38.5 45-39.5T628 631q0-10-5-21t-15-25-13-19q-3-6-15-28.5T555 492t-26.5-47.5-25-40.5-16.5-18-16-2q-48 0-101 22-46 21-80 94.5T256 631q0 16 2.5 34t5 30.5 9 33 10 29.5 12.5 33 11 30q60 164 216.5 320.5T843 1358q6 2 30 11t33 12.5 29.5 10 33 9 30.5 5 34 2.5q57 0 130.5-34t94.5-80q22-53 22-101zm256-777v960q0 119-84.5 203.5T1248 1664H288q-119 0-203.5-84.5T0 1376V416q0-119 84.5-203.5T288 128h960q119 0 203.5 84.5T1536 416z\"\r\n      fill=\"#ffffff\"\r\n    \/>\r\n  <\/svg>\r\n\r\n\r\n\r\n<\/span>\r\n\r\n<span style=\"color: #ffffff;font-size:13px;\"><\/span>\r\n\r\n<a href=\"mailto:eija.tuumi@gmail.com\" style=\"color:#fff; text-decoration:none; font-size:13px;\">eija.tuumi@gmail.com<\/a>\r\n\r\n\r\n\r\n\r\n\t\t\t\t<\/div>\n\t\t\t\t<\/div>\n\t\t\t\t\t<\/div>\n\t\t\t\t<\/div>\n\t\t<div class=\"elementor-element elementor-element-4712142 e-con-full e-flex e-con e-parent\" data-id=\"4712142\" data-element_type=\"container\" data-settings=\"{&quot;background_background&quot;:&quot;classic&quot;}\">\n\t\t\t\t<div class=\"elementor-element elementor-element-e1937d1 elementor-widget elementor-widget-image\" data-id=\"e1937d1\" data-element_type=\"widget\" data-widget_type=\"image.default\">\n\t\t\t\t\t\t\t\t\t\t\t\t\t\t\t<img fetchpriority=\"high\" decoding=\"async\" width=\"1024\" height=\"275\" src=\"https:\/\/eijatuumi.fi\/akupunktio\/wp-content\/uploads\/2026\/01\/eija-tuumi-logo-b-1024x275.png\" class=\"attachment-large size-large wp-image-43\" alt=\"\" srcset=\"https:\/\/eijatuumi.fi\/akupunktio\/wp-content\/uploads\/2026\/01\/eija-tuumi-logo-b-1024x275.png 1024w, https:\/\/eijatuumi.fi\/akupunktio\/wp-content\/uploads\/2026\/01\/eija-tuumi-logo-b-300x81.png 300w, https:\/\/eijatuumi.fi\/akupunktio\/wp-content\/uploads\/2026\/01\/eija-tuumi-logo-b-768x206.png 768w, https:\/\/eijatuumi.fi\/akupunktio\/wp-content\/uploads\/2026\/01\/eija-tuumi-logo-b-1536x413.png 1536w, https:\/\/eijatuumi.fi\/akupunktio\/wp-content\/uploads\/2026\/01\/eija-tuumi-logo-b.png 1637w\" sizes=\"(max-width: 1024px) 100vw, 1024px\" \/>\t\t\t\t\t\t\t\t\t\t\t\t\t\t\t<\/div>\n\t\t\t\t<div class=\"elementor-element elementor-element-6a3c699 elementor-widget elementor-widget-ekit-nav-menu\" data-id=\"6a3c699\" data-element_type=\"widget\" data-widget_type=\"ekit-nav-menu.default\">\n\t\t\t\t<div class=\"elementor-widget-container\">\n\t\t\t\t\t\t\t<nav class=\"ekit-wid-con ekit_menu_responsive_tablet\" \n\t\t\tdata-hamburger-icon=\"\" \n\t\t\tdata-hamburger-icon-type=\"icon\" \n\t\t\tdata-responsive-breakpoint=\"1024\">\n\t\t\t            <button class=\"elementskit-menu-hamburger elementskit-menu-toggler\"  type=\"button\" aria-label=\"hamburger-icon\">\n                                    <span class=\"elementskit-menu-hamburger-icon\"><\/span><span class=\"elementskit-menu-hamburger-icon\"><\/span><span class=\"elementskit-menu-hamburger-icon\"><\/span>\n                            <\/button>\n            <div id=\"ekit-megamenu-valikko\" class=\"elementskit-menu-container elementskit-menu-offcanvas-elements elementskit-navbar-nav-default ekit-nav-menu-one-page-no ekit-nav-dropdown-hover\"><ul id=\"menu-valikko\" class=\"elementskit-navbar-nav elementskit-menu-po-center submenu-click-on-icon\"><li id=\"menu-item-337\" class=\"menu-item menu-item-type-custom menu-item-object-custom menu-item-home menu-item-337 nav-item elementskit-mobile-builder-content\" data-vertical-menu=750px><a href=\"https:\/\/eijatuumi.fi\/akupunktio\/\" class=\"ekit-menu-nav-link\">Etusivu<\/a><\/li>\n<li id=\"menu-item-460\" class=\"menu-item menu-item-type-post_type menu-item-object-page menu-item-460 nav-item elementskit-mobile-builder-content\" data-vertical-menu=750px><a href=\"https:\/\/eijatuumi.fi\/akupunktio\/?page_id=435\" class=\"ekit-menu-nav-link\">Hoitomuodot<\/a><\/li>\n<li id=\"menu-item-464\" class=\"menu-item menu-item-type-post_type menu-item-object-page menu-item-464 nav-item elementskit-mobile-builder-content\" data-vertical-menu=750px><a href=\"https:\/\/eijatuumi.fi\/akupunktio\/?page_id=62\" class=\"ekit-menu-nav-link\">Hoitokertomukset<\/a><\/li>\n<li id=\"menu-item-475\" class=\"menu-item menu-item-type-post_type menu-item-object-page menu-item-475 nav-item elementskit-mobile-builder-content\" data-vertical-menu=750px><a href=\"https:\/\/eijatuumi.fi\/akupunktio\/?page_id=474\" class=\"ekit-menu-nav-link\">Yhteystiedot<\/a><\/li>\n<\/ul><div class=\"elementskit-nav-identity-panel\"><button class=\"elementskit-menu-close elementskit-menu-toggler\" type=\"button\">X<\/button><\/div><\/div>\t\t\t\n\t\t\t<div class=\"elementskit-menu-overlay elementskit-menu-offcanvas-elements elementskit-menu-toggler ekit-nav-menu--overlay\"><\/div>        <\/nav>\n\t\t\t\t\t\t<\/div>\n\t\t\t\t<\/div>\n\t\t\t\t<div class=\"elementor-element elementor-element-83a7e21 elementor-hidden-tablet elementor-hidden-mobile elementor-widget elementor-widget-elementskit-social-media\" data-id=\"83a7e21\" data-element_type=\"widget\" data-widget_type=\"elementskit-social-media.default\">\n\t\t\t\t<div class=\"elementor-widget-container\">\n\t\t\t\t\t<div class=\"ekit-wid-con\" >\t\t\t <ul class=\"ekit_social_media\">\n\t\t\t\t\t\t\t\t\t\t\t\t\t\t<li class=\"elementor-repeater-item-5eb0945\">\n\t\t\t\t\t    <a\n\t\t\t\t\t\thref=\"https:\/\/www.facebook.com\/p\/Akupunktio-Eija-Tuumi-Tampere-61558694603123\/\" aria-label=\"Facebook\" class=\"facebook\" >\n\t\t\t\t\t\t\t\n\t\t\t\t\t\t\t<i aria-hidden=\"true\" class=\"icon icon-facebook\"><\/i>\n                                                                                                            <\/a>\n                    <\/li>\n                    \t\t\t\t\t\t\t<\/ul>\n\t\t<\/div>\t\t\t\t<\/div>\n\t\t\t\t<\/div>\n\t\t\t\t<\/div>\n\t\t<div class=\"elementor-element elementor-element-8e1f881 e-flex e-con-boxed e-con e-parent\" data-id=\"8e1f881\" data-element_type=\"container\" data-settings=\"{&quot;background_background&quot;:&quot;classic&quot;}\">\n\t\t\t\t\t<div class=\"e-con-inner\">\n\t\t\t\t<div class=\"elementor-element elementor-element-f19b58e elementor-widget__width-initial elementor-widget-tablet__width-inherit elementor-widget elementor-widget-elementskit-heading\" data-id=\"f19b58e\" data-element_type=\"widget\" data-widget_type=\"elementskit-heading.default\">\n\t\t\t\t\t<div class=\"ekit-wid-con\" ><div class=\"ekit-heading elementskit-section-title-wraper text_left   ekit_heading_tablet-   ekit_heading_mobile-\"><h3 class=\"elementskit-section-subtitle  elementskit-style-border\">\n\t\t\t\t\t\tEija Tuumi\n\t\t\t\t\t<\/h3><h2 class=\"ekit-heading--title elementskit-section-title \">Akupunktio Tampere<\/h2><\/div><\/div>\t\t\t\t<\/div>\n\t\t\t\t\t<\/div>\n\t\t\t\t<\/div>\n\t\t<div class=\"elementor-element elementor-element-b933208 e-flex e-con-boxed e-con e-parent\" data-id=\"b933208\" data-element_type=\"container\">\n\t\t\t\t\t<div class=\"e-con-inner\">\n\t\t\t\t<div class=\"elementor-element elementor-element-e5d3396 elementor-widget elementor-widget-text-editor\" data-id=\"e5d3396\" data-element_type=\"widget\" data-widget_type=\"text-editor.default\">\n\t\t\t\t\t\t\t\t\t<h2 style=\"text-align: center;\">Akupunktion avulla <strong>tehokasta apua<\/strong> moniin vaivoihin<\/h2>\n<p style=\"text-align: center;\">Maailman terveysj\u00e4rjest\u00f6 <strong>WHO<\/strong> on laatinut listan sairauksista, joiden hoidossa akupunktio on todennettu tehokkaaksi hoitomuodoksi. Listalla on jo yli <strong>400 erilaista sairautta<\/strong>, ja m\u00e4\u00e4r\u00e4 kasvaa jatkuvasti. Hinta 70\u20ac (45 min). Maksutapoina k\u00e4teinen ja MobilePay.<\/p>\t\t\t\t\t\t\t\t<\/div>\n\t\t\t\t\t<\/div>\n\t\t\t\t<\/div>\n\t\t<div class=\"elementor-element elementor-element-5ba60c9 e-flex e-con-boxed e-con e-parent\" data-id=\"5ba60c9\" data-element_type=\"container\">\n\t\t\t\t\t<div class=\"e-con-inner\">\n\t\t\t\t<div class=\"elementor-element elementor-element-d961f64 elementor-arrows-position-inside elementor-pagination-position-outside elementor-widget elementor-widget-image-carousel\" data-id=\"d961f64\" data-element_type=\"widget\" data-settings=\"{&quot;slides_to_show&quot;:&quot;4&quot;,&quot;autoplay_speed&quot;:3000,&quot;speed&quot;:1000,&quot;navigation&quot;:&quot;both&quot;,&quot;autoplay&quot;:&quot;yes&quot;,&quot;infinite&quot;:&quot;yes&quot;}\" data-widget_type=\"image-carousel.default\">\n\t\t\t\t\t\t\t<div class=\"elementor-image-carousel-wrapper swiper\" role=\"region\" aria-roledescription=\"carousel\" aria-label=\"Kuvakaruselli\" dir=\"ltr\">\n\t\t\t<div class=\"elementor-image-carousel swiper-wrapper\" aria-live=\"off\">\n\t\t\t\t\t\t\t\t<div class=\"swiper-slide\" role=\"group\" aria-roledescription=\"slide\" aria-label=\"1 of 6\"><figure class=\"swiper-slide-inner\"><img decoding=\"async\" class=\"swiper-slide-image\" src=\"https:\/\/eijatuumi.fi\/akupunktio\/wp-content\/uploads\/2026\/01\/cropped-taustabg-300x300.jpg\" alt=\"cropped-taustabg\" \/><\/figure><\/div><div class=\"swiper-slide\" role=\"group\" aria-roledescription=\"slide\" aria-label=\"2 of 6\"><figure class=\"swiper-slide-inner\"><img decoding=\"async\" class=\"swiper-slide-image\" src=\"https:\/\/eijatuumi.fi\/akupunktio\/wp-content\/uploads\/2026\/01\/cropped-IMG_4064-scaled-1-300x295.jpg\" alt=\"cropped-IMG_4064-scaled-1\" \/><\/figure><\/div><div class=\"swiper-slide\" role=\"group\" aria-roledescription=\"slide\" aria-label=\"3 of 6\"><figure class=\"swiper-slide-inner\"><img decoding=\"async\" class=\"swiper-slide-image\" src=\"https:\/\/eijatuumi.fi\/akupunktio\/wp-content\/uploads\/2026\/01\/cropped-torilehti-300x300.jpg\" alt=\"cropped-torilehti\" \/><\/figure><\/div><div class=\"swiper-slide\" role=\"group\" aria-roledescription=\"slide\" aria-label=\"4 of 6\"><figure class=\"swiper-slide-inner\"><img decoding=\"async\" class=\"swiper-slide-image\" src=\"https:\/\/eijatuumi.fi\/akupunktio\/wp-content\/uploads\/2026\/01\/cropped-IMG_5521_edit3-scaled-1-300x300.jpg\" alt=\"cropped-IMG_5521_edit3-scaled-1\" \/><\/figure><\/div><div class=\"swiper-slide\" role=\"group\" aria-roledescription=\"slide\" aria-label=\"5 of 6\"><figure class=\"swiper-slide-inner\"><img decoding=\"async\" class=\"swiper-slide-image\" src=\"https:\/\/eijatuumi.fi\/akupunktio\/wp-content\/uploads\/2026\/01\/cropped-IMG_5521_edit1-scaled-1-300x300.jpg\" alt=\"cropped-IMG_5521_edit1-scaled-1\" \/><\/figure><\/div><div class=\"swiper-slide\" role=\"group\" aria-roledescription=\"slide\" aria-label=\"6 of 6\"><figure class=\"swiper-slide-inner\"><img decoding=\"async\" class=\"swiper-slide-image\" src=\"https:\/\/eijatuumi.fi\/akupunktio\/wp-content\/uploads\/2026\/01\/cropped-cropped-IMG_7378_edit-scaled-1-300x300.jpg\" alt=\"cropped-cropped-IMG_7378_edit-scaled-1\" \/><\/figure><\/div>\t\t\t<\/div>\n\t\t\t\t\t\t\t\t\t\t\t\t<div class=\"elementor-swiper-button elementor-swiper-button-prev\" role=\"button\" tabindex=\"0\">\n\t\t\t\t\t\t<svg aria-hidden=\"true\" class=\"e-font-icon-svg e-eicon-chevron-left\" viewBox=\"0 0 1000 1000\" xmlns=\"http:\/\/www.w3.org\/2000\/svg\"><path d=\"M646 125C629 125 613 133 604 142L308 442C296 454 292 471 292 487 292 504 296 521 308 533L604 854C617 867 629 875 646 875 663 875 679 871 692 858 704 846 713 829 713 812 713 796 708 779 692 767L438 487 692 225C700 217 708 204 708 187 708 171 704 154 692 142 675 129 663 125 646 125Z\"><\/path><\/svg>\t\t\t\t\t<\/div>\n\t\t\t\t\t<div class=\"elementor-swiper-button elementor-swiper-button-next\" role=\"button\" tabindex=\"0\">\n\t\t\t\t\t\t<svg aria-hidden=\"true\" class=\"e-font-icon-svg e-eicon-chevron-right\" viewBox=\"0 0 1000 1000\" xmlns=\"http:\/\/www.w3.org\/2000\/svg\"><path d=\"M696 533C708 521 713 504 713 487 713 471 708 454 696 446L400 146C388 133 375 125 354 125 338 125 325 129 313 142 300 154 292 171 292 187 292 204 296 221 308 233L563 492 304 771C292 783 288 800 288 817 288 833 296 850 308 863 321 871 338 875 354 875 371 875 388 867 400 854L696 533Z\"><\/path><\/svg>\t\t\t\t\t<\/div>\n\t\t\t\t\n\t\t\t\t\t\t\t\t\t<div class=\"swiper-pagination\"><\/div>\n\t\t\t\t\t\t\t\t\t<\/div>\n\t\t\t\t\t\t<\/div>\n\t\t\t\t\t<\/div>\n\t\t\t\t<\/div>\n\t\t<div class=\"elementor-element elementor-element-745a849 e-flex e-con-boxed e-con e-parent\" data-id=\"745a849\" data-element_type=\"container\">\n\t\t\t\t\t<div class=\"e-con-inner\">\n\t\t\t\t<div class=\"elementor-element elementor-element-f0a6a68 elementor-widget elementor-widget-text-editor\" data-id=\"f0a6a68\" data-element_type=\"widget\" data-widget_type=\"text-editor.default\">\n\t\t\t\t\t\t\t\t\t<section class=\"akupunktio-hoidot\"><h2 style=\"text-align: center;\">Akupunktiolla hoidetaan mm.<\/h2><\/section>\t\t\t\t\t\t\t\t<\/div>\n\t\t\t\t\t<\/div>\n\t\t\t\t<\/div>\n\t\t<div class=\"elementor-element elementor-element-1dc032c e-flex e-con-boxed e-con e-parent\" data-id=\"1dc032c\" data-element_type=\"container\">\n\t\t\t\t\t<div class=\"e-con-inner\">\n\t\t<div class=\"elementor-element elementor-element-cac0a2b e-con-full e-flex e-con e-child\" data-id=\"cac0a2b\" data-element_type=\"container\">\n\t\t\t\t<div class=\"elementor-element elementor-element-8f0fecb elementor-widget elementor-widget-text-editor\" data-id=\"8f0fecb\" data-element_type=\"widget\" data-widget_type=\"text-editor.default\">\n\t\t\t\t\t\t\t\t\t<ul class=\"hoitoluettelo\"><li>Migreeni<\/li><li>P\u00e4\u00e4ns\u00e4ryt<\/li><li>Huimaus<\/li><li>Kolmoishermos\u00e4rky<\/li><li>M\u00e9ni\u00e8ren tauti<\/li><li>Tinnitus<\/li><li>V\u00e4syneet ja kuivat silm\u00e4t<\/li><li>Hammass\u00e4rky<\/li><li>Poskiontelotulehdus<\/li><li>Kasvohalvaus<\/li><li>Astma<\/li><li>Vilustuminen<\/li><li>Ripuli<\/li><li>V\u00e4symys<\/li><li>Bronkiitti<\/li><\/ul>\t\t\t\t\t\t\t\t<\/div>\n\t\t\t\t<\/div>\n\t\t<div class=\"elementor-element elementor-element-5888a43 e-con-full e-flex e-con e-child\" data-id=\"5888a43\" data-element_type=\"container\">\n\t\t\t\t<div class=\"elementor-element elementor-element-1c19ff9 elementor-widget elementor-widget-text-editor\" data-id=\"1c19ff9\" data-element_type=\"widget\" data-widget_type=\"text-editor.default\">\n\t\t\t\t\t\t\t\t\t<ul class=\"hoitoluettelo\"><li>Olkap\u00e4\u00e4kivut<\/li><li>Raajojen verenkierto-ongelmat<\/li><li>Puutumiset<\/li><li>Nivelrikon kipu<\/li><li>Niska-hartiaseudun kipu<\/li><li>Selk\u00e4kipu ja noidannuoli<\/li><li>Ranne-, polvi- ja pohjekivut<\/li><li>Akillesj\u00e4nnetulehdus<\/li><li>Ummetus<\/li><li>Unettomuus<\/li><li>Fibromyalgia<\/li><li>Tulehdustilat ja tunnetilat (esim. masennus)<\/li><li>Iho-oireet ja ihottumat<\/li><li>\u00c4\u00e4nen k\u00e4heys<\/li><\/ul>\t\t\t\t\t\t\t\t<\/div>\n\t\t\t\t<\/div>\n\t\t<div class=\"elementor-element elementor-element-11126aa e-con-full e-flex e-con e-child\" data-id=\"11126aa\" data-element_type=\"container\">\n\t\t\t\t<div class=\"elementor-element elementor-element-0f337e0 elementor-widget elementor-widget-text-editor\" data-id=\"0f337e0\" data-element_type=\"widget\" data-widget_type=\"text-editor.default\">\n\t\t\t\t\t\t\t\t\t<ul class=\"hoitoluettelo\"><li>Neurologiset kivut<\/li><li>Gynekologiset vaivat<\/li><li>Lapsettomuus<\/li><li>Impotenssi ja frigiditeetti<\/li><li>Eturauhasvaivat<\/li><li>Iskias ja penikkatauti<\/li><li>J\u00e4\u00e4tynyt olkap\u00e4\u00e4<\/li><li>Paksusuolen tulehdus<\/li><li>Vatsakatarri<\/li><li>Verenpainetauti<\/li><li>J\u00e4nnitystilat<\/li><li>Virtsaamisvaivat ja turvotus<\/li><li>Raskauden aikainen pahoinvointi<\/li><li>Synnytyksen j\u00e4lkeiset vaivat<\/li><\/ul>\t\t\t\t\t\t\t\t<\/div>\n\t\t\t\t<\/div>\n\t\t\t\t\t<\/div>\n\t\t\t\t<\/div>\n\t\t<div class=\"elementor-element elementor-element-9c5891e e-flex e-con-boxed e-con e-parent\" data-id=\"9c5891e\" data-element_type=\"container\">\n\t\t\t\t\t<div class=\"e-con-inner\">\n\t\t\t\t<div class=\"elementor-element elementor-element-c2dd079 elementor-widget elementor-widget-text-editor\" data-id=\"c2dd079\" data-element_type=\"widget\" data-widget_type=\"text-editor.default\">\n\t\t\t\t\t\t\t\t\t<section class=\"akupunktio-hoidot\"><h2>Tulineula<\/h2><p>Volframista valmistettu tulineula kuumennetaan noin <strong>300\u2013400 asteeseen<\/strong>.\u00a0Neulaa k\u00e4ytet\u00e4\u00e4n nopeasti hoidettavalla alueella, eik\u00e4 sit\u00e4 j\u00e4tet\u00e4 ihoon. Tulineula edist\u00e4\u00e4 tehokkaasti <strong>Veren ja Qin (energian) kiertoa<\/strong>.<\/p><p><strong>Yleisimpi\u00e4 tulineulalla hoidettavia vaivoja:<\/strong><\/p><ul><li>K\u00e4ns\u00e4t<\/li><li>S\u00e4\u00e4rihaavat<\/li><li>Arpikudos<\/li><li>Suonikohjut<\/li><li>Rasvapatit<\/li><li>Tenniskyyn\u00e4rp\u00e4\u00e4<\/li><li>Penikkatauti<\/li><li>Tik-liikkeet<\/li><li>Ruusu<\/li><li>Kihti<\/li><li>Kylm\u00e4n aiheuttamat kyhmyt<\/li><li>Ihottumat<\/li><li>Kivuliaat kuukautiset<\/li><li>Eturauhasen laajentuma<\/li><li>Astma<\/li><li>Ripuli<\/li><li>Olkap\u00e4\u00e4n kipu<\/li><li>Luupiikki kantap\u00e4\u00e4ss\u00e4<\/li><li>Raajojen turvotus<\/li><\/ul><hr \/><h2>Kuppaus<\/h2><p>Kuppaus on my\u00f6s l\u00e4nsimaissa tunnettu hoitomuoto. Sen avulla virkistet\u00e4\u00e4n <strong>Veren ja energian kiertoa<\/strong>.<\/p><ul><li>Kuivakuppaus<\/li><li>Nopea kuppaus<\/li><li>Liukukuppaus<\/li><li>Vaihtokuppaus<\/li><li>Neulakuppaus<\/li><li>Mikrokuppaus<\/li><li>Moksakuppaus<\/li><\/ul><p>Kuppaus voi aiheuttaa mustelmia, mutta ne h\u00e4vi\u00e4v\u00e4t yleens\u00e4 muutamassa p\u00e4iv\u00e4ss\u00e4. Hoitoa k\u00e4ytet\u00e4\u00e4n esimerkiksi flunssan alkuvaiheessa tai paikallisesti edist\u00e4m\u00e4\u00e4n energian ja veren virtausta. Kuppaus soveltuu my\u00f6s selluliitin hoitoon.<\/p><hr \/><h2>Moksabustio<\/h2><p>Moksabustiossa akupisteit\u00e4 l\u00e4mmitet\u00e4\u00e4n kuivatusta pujosta valmistetulla moksalla. Tekniikoita ovat mm. neulamoksa, suoramoksa ja moksalaatikko.<\/p><p>Moksa tuo kehoon l\u00e4mp\u00f6\u00e4 ja liikett\u00e4, ja sit\u00e4 k\u00e4ytet\u00e4\u00e4n erityisesti kylmyyden, kosteuden ja stagnaation aiheuttamien oireiden hoidossa, kuten palelemisessa ja kivuissa.<\/p><p>Moksaa k\u00e4ytet\u00e4\u00e4n usein yhdess\u00e4 neulahoidon kanssa. Erinomaisia tuloksia saadaan esimerkiksi y\u00f6virtsaamisen ja Munuaisten Yangin vajavuustiloissa.<\/p><hr \/><h2>Akuvasara<\/h2><p>Akuvasara on pieni vasaraa muistuttava v\u00e4line, jossa on viisi tai seitsem\u00e4n neulaa. Sill\u00e4 naputellaan akupisteit\u00e4, meridiaaneja tai paikallisia kipualueita.<\/p><p>Akuvasaraa k\u00e4ytet\u00e4\u00e4n mm. hartia-niskaseudun kipuihin, mustelmiin, ihosairauksiin sek\u00e4 meridiaanien aktivointiin.<\/p><hr \/><h2>Gua Sha<\/h2><p>Gua Sha -hoidossa k\u00e4ytet\u00e4\u00e4n kivest\u00e4 tai luusta valmistettua lastaa, jolla k\u00e4sitell\u00e4\u00e4n ihon pintaa. Hoito elvytt\u00e4\u00e4 pintaverenkiertoa, tehostaa aineenvaihduntaa ja rentouttaa lihaksia.<\/p><hr \/><p><!--<\/p>\n<h2>Tuina-hieronta<\/h2>\n<p>Tuina-hieronta kuuluu perinteiseen kiinalaiseen l\u00e4\u00e4ketieteeseen (PKL). Tekniikka sis\u00e4lt\u00e4\u00e4 hankauksia, paineluja, puristuksia, v\u00e4\u00e4nt\u00f6liikkeit\u00e4, taputuksia sek\u00e4 nivel- ja nikamak\u00e4sittelyj\u00e4.<\/p>\n<p>Hieronnan tarkoituksena on tasapainottaa Qin ja Veren virtausta sek\u00e4 paikallisesti ett\u00e4 koko kehossa. Tuina on erityisen hyv\u00e4 vaihtoehto lasten hoidossa.<\/p>\n<hr \/>\n<h2>Shiatsu<\/h2>\n<p>Shiatsu on yli tuhat vuotta vanha japanilainen hoitomuoto, joka perustuu pitk\u00e4lti kiinalaiseen l\u00e4\u00e4ketieteeseen.<\/p>\n<p>Shiatsu rentouttaa kehoa ja mielt\u00e4, lievitt\u00e4\u00e4 j\u00e4nnitystiloja ja toimii hyvin mm. stressiin, y\u00f6hikoiluun, p\u00e4\u00e4ns\u00e4rkyyn,<br \/>\nunettomuuteen, selk\u00e4kipuihin ja v\u00e4symykseen.<\/p>\n<p>Fibromyalgian hoidossa shiatsu on usein hyv\u00e4 vaihtoehto neulahoidolle.<br \/>\n--><\/p><\/section>\t\t\t\t\t\t\t\t<\/div>\n\t\t\t\t\t<\/div>\n\t\t\t\t<\/div>\n\t\t<div class=\"elementor-element elementor-element-bc3dc4d e-flex e-con-boxed e-con e-parent\" data-id=\"bc3dc4d\" data-element_type=\"container\" data-settings=\"{&quot;background_background&quot;:&quot;classic&quot;}\">\n\t\t\t\t\t<div class=\"e-con-inner\">\n\t\t\t\t<div class=\"elementor-element elementor-element-01eebf4 elementor-widget elementor-widget-text-editor\" data-id=\"01eebf4\" data-element_type=\"widget\" data-widget_type=\"text-editor.default\">\n\t\t\t\t\t\t\t\t\t<h4>Ajanvaraukset ja tiedustelut<\/h4><p>Puhelin: 040 546 7653 ma-pe klo 9 \u2013 17<br \/>Hoitola: Jurvalankatu 2, 33300 Tampere, Rahola<br \/>Eija Tuumi &#8211; Kiinalaisen l\u00e4\u00e4ketieteen asiantuntija yli 24 vuoden kokemuksella.<\/p>\t\t\t\t\t\t\t\t<\/div>\n\t\t\t\t\t<\/div>\n\t\t\t\t<\/div>\n\t\t\t\t<\/div>\n\t\t","protected":false},"excerpt":{"rendered":"<p>040 546 7653 Jurvalankatu 2, Tampere<\/p>\n","protected":false},"author":1,"featured_media":0,"parent":0,"menu_order":0,"comment_status":"closed","ping_status":"closed","template":"elementor_canvas","meta":{"footnotes":""},"class_list":["post-435","page","type-page","status-publish","hentry"],"_links":{"self":[{"href":"https:\/\/eijatuumi.fi\/akupunktio\/index.php?rest_route=\/wp\/v2\/pages\/435","targetHints":{"allow":["GET"]}}],"collection":[{"href":"https:\/\/eijatuumi.fi\/akupunktio\/index.php?rest_route=\/wp\/v2\/pages"}],"about":[{"href":"https:\/\/eijatuumi.fi\/akupunktio\/index.php?rest_route=\/wp\/v2\/types\/page"}],"author":[{"embeddable":true,"href":"https:\/\/eijatuumi.fi\/akupunktio\/index.php?rest_route=\/wp\/v2\/users\/1"}],"replies":[{"embeddable":true,"href":"https:\/\/eijatuumi.fi\/akupunktio\/index.php?rest_route=%2Fwp%2Fv2%2Fcomments&post=435"}],"version-history":[{"count":52,"href":"https:\/\/eijatuumi.fi\/akupunktio\/index.php?rest_route=\/wp\/v2\/pages\/435\/revisions"}],"predecessor-version":[{"id":572,"href":"https:\/\/eijatuumi.fi\/akupunktio\/index.php?rest_route=\/wp\/v2\/pages\/435\/revisions\/572"}],"wp:attachment":[{"href":"https:\/\/eijatuumi.fi\/akupunktio\/index.php?rest_route=%2Fwp%2Fv2%2Fmedia&parent=435"}],"curies":[{"name":"wp","href":"https:\/\/api.w.org\/{rel}","templated":true}]}}